{"id":87,"date":"2024-10-23T12:01:05","date_gmt":"2024-10-23T12:01:05","guid":{"rendered":"https:\/\/suishinkan.com.pt\/swpkan\/?page_id=87"},"modified":"2025-06-03T12:38:41","modified_gmt":"2025-06-03T11:38:41","slug":"noticias","status":"publish","type":"page","link":"https:\/\/suishinkan.com.pt\/swpkan\/noticias\/","title":{"rendered":"Noticias"},"content":{"rendered":"\n\n\t<section class=\"section\" id=\"section_170982138\">\n\t\t<div class=\"section-bg fill\" >\n\t\t\t<img loading=\"lazy\" decoding=\"async\" width=\"2844\" height=\"3652\" src=\"https:\/\/suishinkan.com.pt\/swpkan\/wp-content\/uploads\/2024\/10\/Mestre-Murakami-Background.png\" class=\"bg attachment-original size-original\" alt=\"\" \/>\t\t\t\t\t\t\n\t\t\t\n\n\t\t<\/div>\n\n\t\t\n\n\t\t<div class=\"section-content relative\">\n\t\t\t\n\n<div class=\"row align-center row-divided\"  id=\"row-42536756\">\n\n\n\t<div id=\"col-1223644106\" class=\"col medium-6 small-12 large-6\"  >\n\t\t\t\t<div class=\"col-inner\"  >\n\t\t\t\n\t\t\t\n\n\t<div id=\"text-791612925\" class=\"text\">\n\t\t\n\n<h5 class=\"uppercase\" style=\"text-align: center;\">Noticias dos nossos dojo\u2019s<\/h5>\n<p style=\"text-align: center;\">Neste espa\u00e7o ficas a conhecer algumas Noticias Relevantes dos nossos Dojo\u2019s.<\/p>\n<p style=\"text-align: center;\">Podes encontrar Cartazes, Fotos, Documentos relacionadas com eventos, actividades e noticias dos Dojo&#8217;s<\/p>\n<p style=\"text-align: center;\"><a href=\"https:\/\/suishinkan.com.pt\/swpkan\/n-dojo-aulas\/\"><em><strong>CLICA E SEGUE<\/strong><\/em><\/a><\/p>\n\t\t\n<style>\n#text-791612925 {\n  color: #282828;\n}\n#text-791612925 > * {\n  color: #282828;\n}\n<\/style>\n\t<\/div>\n\t\n\t<div class=\"img has-hover x md-x lg-x y md-y lg-y\" id=\"image_1184662010\">\n\t\t<a class=\"\" href=\"https:\/\/suishinkan.com.pt\/swpkan\/n-dojo-aulas\/\" >\t\t\t\t\t\t<div class=\"img-inner dark\" >\n\t\t\t<img loading=\"lazy\" decoding=\"async\" width=\"1020\" height=\"326\" src=\"https:\/\/suishinkan.com.pt\/swpkan\/wp-content\/uploads\/2025\/03\/AdobeStock_612278478-1024x327.jpeg\" class=\"attachment-large size-large\" alt=\"\" srcset=\"https:\/\/suishinkan.com.pt\/swpkan\/wp-content\/uploads\/2025\/03\/AdobeStock_612278478-1024x327.jpeg 1024w, https:\/\/suishinkan.com.pt\/swpkan\/wp-content\/uploads\/2025\/03\/AdobeStock_612278478-300x96.jpeg 300w, https:\/\/suishinkan.com.pt\/swpkan\/wp-content\/uploads\/2025\/03\/AdobeStock_612278478-768x245.jpeg 768w, https:\/\/suishinkan.com.pt\/swpkan\/wp-content\/uploads\/2025\/03\/AdobeStock_612278478-1536x491.jpeg 1536w, https:\/\/suishinkan.com.pt\/swpkan\/wp-content\/uploads\/2025\/03\/AdobeStock_612278478-2048x654.jpeg 2048w\" sizes=\"auto, (max-width: 1020px) 100vw, 1020px\" \/>\t\t\t\t\t\t\n\t\t\t\t\t<\/div>\n\t\t\t\t\t\t<\/a>\t\t\n<style>\n#image_1184662010 {\n  width: 100%;\n}\n<\/style>\n\t<\/div>\n\t\n\n\n\t\t<\/div>\n\t\t\t\t\t<\/div>\n\n\t\n\n\t<div id=\"col-1954507309\" class=\"col medium-6 small-12 large-6\"  >\n\t\t\t\t<div class=\"col-inner\"  >\n\t\t\t\n\t\t\t\n\n\t<div id=\"text-105091009\" class=\"text\">\n\t\t\n\n<h5 class=\"uppercase\" style=\"text-align: center;\">EST\u00c1GIOS<\/h5>\n<p style=\"text-align: center;\">Neste espa\u00e7o ficas a conhecer algumas noticias relacionadas com Est\u00e1gios do Clube, Est\u00e1gios Nacionais, Est\u00e1gios Internacionais<\/p>\n<p style=\"text-align: center;\">Podes encontrar Cartazes, Fotos, Documentos relacionadas com Est\u00e1gios.<\/p>\n<p style=\"text-align: center;\"><a href=\"https:\/\/suishinkan.com.pt\/swpkan\/n-estagios\/\"><em><strong>CLICA E SEGUE<\/strong><\/em><\/a><\/p>\n\t\t\n<style>\n#text-105091009 {\n  color: #282828;\n}\n#text-105091009 > * {\n  color: #282828;\n}\n<\/style>\n\t<\/div>\n\t\n\t<div class=\"img has-hover x md-x lg-x y md-y lg-y\" id=\"image_236371891\">\n\t\t<a class=\"\" href=\"https:\/\/suishinkan.com.pt\/swpkan\/n-estagios\/\" >\t\t\t\t\t\t<div class=\"img-inner dark\" >\n\t\t\t<img loading=\"lazy\" decoding=\"async\" width=\"1020\" height=\"326\" src=\"https:\/\/suishinkan.com.pt\/swpkan\/wp-content\/uploads\/2025\/03\/AdobeStock_320492538-1024x327.jpeg\" class=\"attachment-large size-large\" alt=\"\" srcset=\"https:\/\/suishinkan.com.pt\/swpkan\/wp-content\/uploads\/2025\/03\/AdobeStock_320492538-1024x327.jpeg 1024w, https:\/\/suishinkan.com.pt\/swpkan\/wp-content\/uploads\/2025\/03\/AdobeStock_320492538-300x96.jpeg 300w, https:\/\/suishinkan.com.pt\/swpkan\/wp-content\/uploads\/2025\/03\/AdobeStock_320492538-768x245.jpeg 768w, https:\/\/suishinkan.com.pt\/swpkan\/wp-content\/uploads\/2025\/03\/AdobeStock_320492538-1536x491.jpeg 1536w, https:\/\/suishinkan.com.pt\/swpkan\/wp-content\/uploads\/2025\/03\/AdobeStock_320492538-2048x654.jpeg 2048w\" sizes=\"auto, (max-width: 1020px) 100vw, 1020px\" \/>\t\t\t\t\t\t\n\t\t\t\t\t<\/div>\n\t\t\t\t\t\t<\/a>\t\t\n<style>\n#image_236371891 {\n  width: 100%;\n}\n<\/style>\n\t<\/div>\n\t\n\n\n\t\t<\/div>\n\t\t\t\t\t<\/div>\n\n\t\n\n<\/div>\n<div class=\"text-center\"><div class=\"is-divider divider clearfix\" style=\"max-width:1280px;height:1px;background-color:rgb(116, 110, 110);\"><\/div><\/div>\n\n<div class=\"row row-divided\"  id=\"row-781422351\">\n\n\n\t<div id=\"col-341483816\" class=\"col medium-6 small-12 large-6\"  >\n\t\t\t\t<div class=\"col-inner\"  >\n\t\t\t\n\t\t\t\n\n\t<div id=\"text-3618451984\" class=\"text\">\n\t\t\n\n<h5 class=\"uppercase\" style=\"text-align: center;\">Noticias do karate em geral<\/h5>\n<p style=\"text-align: center;\">Neste espa\u00e7o ficas a conhecer algumas Noticias Relevantes ao Karate em Geral.<\/p>\n<p style=\"text-align: center;\">Podes encontrar Cartazes, Fotos, Documentos, Informa\u00e7\u00f5es. Tudo relacionado com Karate em geral independente da linha de pr\u00e1tica, estilo, escola ou associa\u00e7\u00e3o. Uma galeria de informa\u00e7\u00f5es diversas de cultura Marcial e Desportiva.<\/p>\n<p style=\"text-align: center;\"><a href=\"https:\/\/suishinkan.com.pt\/swpkan\/n-atividades\/\"><em><strong>CLICA E SEGUE<\/strong><\/em><\/a><\/p>\n\t\t\n<style>\n#text-3618451984 {\n  color: #282828;\n}\n#text-3618451984 > * {\n  color: #282828;\n}\n<\/style>\n\t<\/div>\n\t\n\t<div class=\"img has-hover x md-x lg-x y md-y lg-y\" id=\"image_2100638717\">\n\t\t<a class=\"\" href=\"https:\/\/suishinkan.com.pt\/swpkan\/n-atividades\/\" >\t\t\t\t\t\t<div class=\"img-inner dark\" >\n\t\t\t<img loading=\"lazy\" decoding=\"async\" width=\"1020\" height=\"535\" src=\"https:\/\/suishinkan.com.pt\/swpkan\/wp-content\/uploads\/2025\/03\/AdobeStock_239494426-1024x537.jpeg\" class=\"attachment-large size-large\" alt=\"\" srcset=\"https:\/\/suishinkan.com.pt\/swpkan\/wp-content\/uploads\/2025\/03\/AdobeStock_239494426-1024x537.jpeg 1024w, https:\/\/suishinkan.com.pt\/swpkan\/wp-content\/uploads\/2025\/03\/AdobeStock_239494426-300x157.jpeg 300w, https:\/\/suishinkan.com.pt\/swpkan\/wp-content\/uploads\/2025\/03\/AdobeStock_239494426-768x403.jpeg 768w, https:\/\/suishinkan.com.pt\/swpkan\/wp-content\/uploads\/2025\/03\/AdobeStock_239494426-1536x805.jpeg 1536w, https:\/\/suishinkan.com.pt\/swpkan\/wp-content\/uploads\/2025\/03\/AdobeStock_239494426-2048x1074.jpeg 2048w\" sizes=\"auto, (max-width: 1020px) 100vw, 1020px\" \/>\t\t\t\t\t\t\n\t\t\t\t\t<\/div>\n\t\t\t\t\t\t<\/a>\t\t\n<style>\n#image_2100638717 {\n  width: 100%;\n}\n<\/style>\n\t<\/div>\n\t\n\n<div class=\"text-center\"><div class=\"is-divider divider clearfix\" style=\"max-width:550px;height:1px;background-color:rgb(139, 126, 126);\"><\/div><\/div>\n\n\t<div id=\"text-161801175\" class=\"text\">\n\t\t\n\n<h5 class=\"uppercase\" style=\"text-align: center;\"><span style=\"color: #282828;\">INSTITUI\u00c7\u00c3O<\/span><\/h5>\n<p style=\"text-align: center;\">Neste espa\u00e7o podes encontrar os nossos documentos institucionais, como os nossos Estatutos, Regulamentos Internos\u00a0 e Regulamentos de Taxas.<\/p>\n<p style=\"text-align: center;\">Outros Documentos institucionais tamb\u00e9m podes encontrar neste espa\u00e7o.<\/p>\n<p style=\"text-align: center;\"><a href=\"https:\/\/suishinkan.com.pt\/swpkan\/instituicao\/\"><em><strong>CLICA E SEGUE<\/strong><\/em><\/a><\/p>\n\t\t\n<style>\n#text-161801175 {\n  color: rgb(0,0,0);\n}\n#text-161801175 > * {\n  color: rgb(0,0,0);\n}\n<\/style>\n\t<\/div>\n\t\n\t<div class=\"img has-hover x md-x lg-x y md-y lg-y\" id=\"image_733161053\">\n\t\t<a class=\"\" href=\"https:\/\/suishinkan.com.pt\/swpkan\/instituicao\/\" >\t\t\t\t\t\t<div class=\"img-inner dark\" >\n\t\t\t<img loading=\"lazy\" decoding=\"async\" width=\"1020\" height=\"670\" src=\"https:\/\/suishinkan.com.pt\/swpkan\/wp-content\/uploads\/2015\/05\/Suishinkan-Background-e1431370167889.jpg\" class=\"attachment-large size-large\" alt=\"\" \/>\t\t\t\t\t\t\n\t\t\t\t\t<\/div>\n\t\t\t\t\t\t<\/a>\t\t\n<style>\n#image_733161053 {\n  width: 100%;\n}\n<\/style>\n\t<\/div>\n\t\n\n\n\t\t<\/div>\n\t\t\t\t\t<\/div>\n\n\t\n\n\t<div id=\"col-1235371094\" class=\"col medium-6 small-12 large-6\"  >\n\t\t\t\t<div class=\"col-inner\"  >\n\t\t\t\n\t\t\t\n\n\t<div id=\"text-3585984761\" class=\"text\">\n\t\t\n\n<h5 class=\"uppercase\" style=\"text-align: center;\">desporto<\/h5>\n<p style=\"text-align: center;\">Neste espa\u00e7o ficas a conhecer algumas noticias relevantes, relacionadas com a atividade desportiva em geral.<\/p>\n<p style=\"text-align: center;\">Podes encontrar Cartazes, Fotos, Documentos relacionadas com o desporto em geral, aqui falamos de noticias desportivas sejam elas de futebol, nata\u00e7\u00e3o, etc.<\/p>\n<p>Todas as noticias aqui partilhadas s\u00e3o retiradas de sites que achamos serem fidedignos nas informa\u00e7\u00f5es, e todos os direitos de autor pertencem a esses terceiros. Todas as noticias t\u00eam ativo um link para a p\u00e1gina de sua autoria.<\/p>\n<p style=\"text-align: center;\"><a href=\"https:\/\/suishinkan.com.pt\/swpkan\/n-desporto\/\"><strong><em>CLICA E SEGUE<\/em><\/strong><\/a><\/p>\n\t\t\n<style>\n#text-3585984761 {\n  color: #282828;\n}\n#text-3585984761 > * {\n  color: #282828;\n}\n<\/style>\n\t<\/div>\n\t\n\t<div class=\"img has-hover x md-x lg-x y md-y lg-y\" id=\"image_1945869581\">\n\t\t<a class=\"\" href=\"https:\/\/suishinkan.com.pt\/swpkan\/n-desporto\/\" >\t\t\t\t\t\t<div class=\"img-inner dark\" >\n\t\t\t<img loading=\"lazy\" decoding=\"async\" width=\"1020\" height=\"554\" src=\"https:\/\/suishinkan.com.pt\/swpkan\/wp-content\/uploads\/2025\/03\/Desportos-scaled-e1748949604126-1024x556.jpeg\" class=\"attachment-large size-large\" alt=\"\" srcset=\"https:\/\/suishinkan.com.pt\/swpkan\/wp-content\/uploads\/2025\/03\/Desportos-scaled-e1748949604126-1024x556.jpeg 1024w, https:\/\/suishinkan.com.pt\/swpkan\/wp-content\/uploads\/2025\/03\/Desportos-scaled-e1748949604126-300x163.jpeg 300w, https:\/\/suishinkan.com.pt\/swpkan\/wp-content\/uploads\/2025\/03\/Desportos-scaled-e1748949604126-768x417.jpeg 768w, https:\/\/suishinkan.com.pt\/swpkan\/wp-content\/uploads\/2025\/03\/Desportos-scaled-e1748949604126-1536x834.jpeg 1536w, https:\/\/suishinkan.com.pt\/swpkan\/wp-content\/uploads\/2025\/03\/Desportos-scaled-e1748949604126-2048x1112.jpeg 2048w\" sizes=\"auto, (max-width: 1020px) 100vw, 1020px\" \/>\t\t\t\t\t\t\n\t\t\t\t\t<\/div>\n\t\t\t\t\t\t<\/a>\t\t\n<style>\n#image_1945869581 {\n  width: 100%;\n}\n<\/style>\n\t<\/div>\n\t\n\n<div class=\"text-center\"><div class=\"is-divider divider clearfix\" style=\"max-width:550px;height:1px;background-color:rgb(139, 126, 126);\"><\/div><\/div>\n\n\t<div id=\"text-1888910334\" class=\"text\">\n\t\t\n\n<h5 class=\"uppercase\" style=\"text-align: center;\"><span style=\"color: #282828;\">o nosso blog\u00a0<\/span><\/h5>\n<p style=\"text-align: center;\">Aqui podes encontrar a nossa p\u00e1gina de blog, onde partilhamos ideologias, pensamentos, vis\u00f5es sobre O karate, Artes Marciais entre outras.<\/p>\n<p style=\"text-align: center;\">Vem participar e deixar o teu coment\u00e1rio. Ele ser\u00e1 sempre uma partilha para o conhecimento.<\/p>\n<h2 style=\"text-align: center;\"><span style=\"font-size: 90%;\"><strong>Bem vindo \u00e0\u00a0 p\u00e1gina de Blog da Suishinkan Portugal<\/strong><\/span><\/h2>\n<p style=\"text-align: center;\"><a href=\"https:\/\/suishinkan.com.pt\/swpkan\/pagina-de-blog\/\"><em><strong>CLICA E SEGUE<\/strong><\/em><\/a><\/p>\n\t\t\n<style>\n#text-1888910334 {\n  color: rgb(0,0,0);\n}\n#text-1888910334 > * {\n  color: rgb(0,0,0);\n}\n<\/style>\n\t<\/div>\n\t\n\t<div class=\"img has-hover x md-x lg-x y md-y lg-y\" id=\"image_131298157\">\n\t\t<a class=\"\" href=\"https:\/\/suishinkan.com.pt\/swpkan\/pagina-de-blog\/\" >\t\t\t\t\t\t<div class=\"img-inner dark\" >\n\t\t\t<img loading=\"lazy\" decoding=\"async\" width=\"1020\" height=\"357\" src=\"https:\/\/suishinkan.com.pt\/swpkan\/wp-content\/uploads\/2025\/04\/Blog-1-1024x358.jpeg\" class=\"attachment-large size-large\" alt=\"\" srcset=\"https:\/\/suishinkan.com.pt\/swpkan\/wp-content\/uploads\/2025\/04\/Blog-1-1024x358.jpeg 1024w, https:\/\/suishinkan.com.pt\/swpkan\/wp-content\/uploads\/2025\/04\/Blog-1-300x105.jpeg 300w, https:\/\/suishinkan.com.pt\/swpkan\/wp-content\/uploads\/2025\/04\/Blog-1-768x268.jpeg 768w, https:\/\/suishinkan.com.pt\/swpkan\/wp-content\/uploads\/2025\/04\/Blog-1-1536x537.jpeg 1536w, https:\/\/suishinkan.com.pt\/swpkan\/wp-content\/uploads\/2025\/04\/Blog-1-2048x716.jpeg 2048w\" sizes=\"auto, (max-width: 1020px) 100vw, 1020px\" \/>\t\t\t\t\t\t\n\t\t\t\t\t<\/div>\n\t\t\t\t\t\t<\/a>\t\t\n<style>\n#image_131298157 {\n  width: 100%;\n}\n<\/style>\n\t<\/div>\n\t\n\n\n\t\t<\/div>\n\t\t\t\t\t<\/div>\n\n\t\n\n<\/div>\n\n\t\t<\/div>\n\n\t\t\n<style>\n#section_170982138 {\n  padding-top: 30px;\n  padding-bottom: 30px;\n}\n#section_170982138 .section-bg img {\n  object-position: 50% 42%;\n}\n<\/style>\n\t<\/section>\n\t\n\n","protected":false},"excerpt":{"rendered":"","protected":false},"author":1,"featured_media":0,"parent":0,"menu_order":0,"comment_status":"closed","ping_status":"closed","template":"","meta":{"pgc_sgb_lightbox_settings":"","h5ap_radio_sources":[],"footnotes":""},"class_list":["post-87","page","type-page","status-publish","hentry"],"_links":{"self":[{"href":"https:\/\/suishinkan.com.pt\/swpkan\/wp-json\/wp\/v2\/pages\/87","targetHints":{"allow":["GET"]}}],"collection":[{"href":"https:\/\/suishinkan.com.pt\/swpkan\/wp-json\/wp\/v2\/pages"}],"about":[{"href":"https:\/\/suishinkan.com.pt\/swpkan\/wp-json\/wp\/v2\/types\/page"}],"author":[{"embeddable":true,"href":"https:\/\/suishinkan.com.pt\/swpkan\/wp-json\/wp\/v2\/users\/1"}],"replies":[{"embeddable":true,"href":"https:\/\/suishinkan.com.pt\/swpkan\/wp-json\/wp\/v2\/comments?post=87"}],"version-history":[{"count":13,"href":"https:\/\/suishinkan.com.pt\/swpkan\/wp-json\/wp\/v2\/pages\/87\/revisions"}],"predecessor-version":[{"id":1080,"href":"https:\/\/suishinkan.com.pt\/swpkan\/wp-json\/wp\/v2\/pages\/87\/revisions\/1080"}],"wp:attachment":[{"href":"https:\/\/suishinkan.com.pt\/swpkan\/wp-json\/wp\/v2\/media?parent=87"}],"curies":[{"name":"wp","href":"https:\/\/api.w.org\/{rel}","templated":true}]}}