{"id":54,"date":"2024-10-01T15:34:47","date_gmt":"2024-10-01T15:34:47","guid":{"rendered":"https:\/\/suishinkan.com.pt\/swpkan\/?page_id=54"},"modified":"2025-04-03T12:07:50","modified_gmt":"2025-04-03T12:07:50","slug":"homepage","status":"publish","type":"page","link":"https:\/\/suishinkan.com.pt\/swpkan\/","title":{"rendered":"Bem Vindo"},"content":{"rendered":"\n\n\t<section class=\"section\" id=\"section_775220837\">\n\t\t<div class=\"section-bg fill\" >\n\t\t\t<img loading=\"lazy\" decoding=\"async\" width=\"2844\" height=\"3652\" src=\"https:\/\/suishinkan.com.pt\/swpkan\/wp-content\/uploads\/2024\/10\/Mestre-Murakami-Background.png\" class=\"bg attachment-original size-original\" alt=\"\" \/>\t\t\t\t\t\t\n\t\t\t\n\n\t\t<\/div>\n\n\t\t\n\n\t\t<div class=\"section-content relative\">\n\t\t\t\n\n\t<div class=\"box has-hover   has-hover box-text-bottom\" >\n\n\t\t<div class=\"box-image\" style=\"width:62%;\">\n\t\t\t\t\t\t<div class=\"\" >\n\t\t\t\t<img loading=\"lazy\" decoding=\"async\" width=\"1000\" height=\"350\" src=\"https:\/\/suishinkan.com.pt\/swpkan\/wp-content\/uploads\/2024\/10\/top.png\" class=\"attachment-original size-original\" alt=\"\" srcset=\"https:\/\/suishinkan.com.pt\/swpkan\/wp-content\/uploads\/2024\/10\/top.png 1000w, https:\/\/suishinkan.com.pt\/swpkan\/wp-content\/uploads\/2024\/10\/top-300x105.png 300w, https:\/\/suishinkan.com.pt\/swpkan\/wp-content\/uploads\/2024\/10\/top-768x269.png 768w\" sizes=\"auto, (max-width: 1000px) 100vw, 1000px\" \/>\t\t\t\t\t\t\t\t\t\t\t<\/div>\n\t\t\t\t\t<\/div>\n\n\t\t<div class=\"box-text text-center\" >\n\t\t\t<div class=\"box-text-inner\">\n\t\t\t\t\n\n<h1 style=\"text-align: center;\"><strong><span style=\"color: #20205c; font-size: 120%;\">Bem-vindo ao nosso novo espa\u00e7o.<\/span><\/strong><\/h1>\n\n\t\t\t<\/div>\n\t\t<\/div>\n\t<\/div>\n\t\n\t<div id=\"text-3858161243\" class=\"text\">\n\t\t\n\n<p class=\"lead\" style=\"text-align: center;\"><span style=\"color: #282828;\"><strong>Queremos dar a conhecer a nossa escola, os nossos objetivos e filosofias.<\/strong><\/span><\/p>\n<p>Se aqui est\u00e1s \u00e9 porque te interessa o Karate, mas ser\u00e1 que todo o Karate \u00e9 igual?<\/p>\n<p>Aqui vais poder encontrar respostas \u00e1s tuas perguntas, vais poder desenvolver mais o teu car\u00e1cter, conhecer os teus limites, aperfei\u00e7oar as tuas aptid\u00f5es f\u00edsicas, melhorar o teu equilibro e muito mais.<\/p>\n<p>O Karate-Do Tradicional \u00e9 muito mais que um desporto.<\/p>\n<p>Vem praticar Karate-Do junto de n\u00f3s e responde \u00e1s tuas perguntas, duvidas e objetivos.<\/p>\n<p>\u00a0<\/p>\n<p><strong>Karate-Do Tradicional, \u00e9 para todas as idades para todas as pessoas.<\/strong><\/p>\n<p><strong>Karate-Do Tradicional, \u00e9 mais do que um desporto; \u00e9 Arte, \u00e9 Cultura, \u00e9 Filosofia, \u00e9 Educa\u00e7\u00e3o.<\/strong><\/p>\n<p><strong>Karate-Do Tradicional, \u00e9 ser Guerreiro, <span style=\"font-size: 14.4px;\">\u00e9 Marcialidade, <\/span><span style=\"font-size: 14.4px;\">\u00e9 Bud\u00f4.<\/span><\/strong><\/p>\n<p>\u00a0<\/p>\n<p>Consulta os nossos locais de treino e os nossos hor\u00e1rios. <a href=\"https:\/\/suishinkan.com.pt\/swpkan\/atividades-2\/\">Aqui<\/a>.<\/p>\n<p>A Suishinkan Portugal tem como base a linha Shotokai do Mestre Tetsuji Murakami, aluno do mestre Shigeru Egami, por sua vez aluno do mestre Gichin Funakoshi.<\/p>\n\t\t\n<style>\n#text-3858161243 {\n  text-align: center;\n  color: rgb(41, 33, 28);\n}\n#text-3858161243 > * {\n  color: rgb(41, 33, 28);\n}\n<\/style>\n\t<\/div>\n\t\n<div class=\"row row-collapse\" style=\"max-width:600px\" id=\"row-1817209453\">\n\n\n\t<div id=\"col-1675606526\" class=\"col small-12 large-12\"  >\n\t\t\t\t<div class=\"col-inner text-center\"  >\n\t\t\t\n\t\t\t\n\n<div class=\"slider-wrapper relative\" id=\"slider-1665238691\" >\n    <div class=\"slider slider-nav-circle slider-nav-normal slider-nav-light slider-style-normal\"\n        data-flickity-options='{\n            \"cellAlign\": \"center\",\n            \"imagesLoaded\": true,\n            \"lazyLoad\": 1,\n            \"freeScroll\": false,\n            \"wrapAround\": true,\n            \"autoPlay\": 12000,\n            \"pauseAutoPlayOnHover\" : true,\n            \"prevNextButtons\": true,\n            \"contain\" : true,\n            \"adaptiveHeight\" : true,\n            \"dragThreshold\" : 10,\n            \"percentPosition\": true,\n            \"pageDots\": true,\n            \"rightToLeft\": false,\n            \"draggable\": true,\n            \"selectedAttraction\": 0.1,\n            \"parallax\" : 0,\n            \"friction\": 0.6        }'\n        >\n        \n\n\t<div class=\"img has-hover x md-x lg-x y md-y lg-y\" id=\"image_746854651\">\n\t\t\t\t\t\t\t\t<div class=\"img-inner image-fade-in dark\" >\n\t\t\t<img loading=\"lazy\" decoding=\"async\" width=\"960\" height=\"914\" src=\"https:\/\/suishinkan.com.pt\/swpkan\/wp-content\/uploads\/2024\/10\/TMurakami_RoolOver.jpg\" class=\"attachment-original size-original\" alt=\"\" srcset=\"https:\/\/suishinkan.com.pt\/swpkan\/wp-content\/uploads\/2024\/10\/TMurakami_RoolOver.jpg 960w, https:\/\/suishinkan.com.pt\/swpkan\/wp-content\/uploads\/2024\/10\/TMurakami_RoolOver-300x286.jpg 300w, https:\/\/suishinkan.com.pt\/swpkan\/wp-content\/uploads\/2024\/10\/TMurakami_RoolOver-768x731.jpg 768w\" sizes=\"auto, (max-width: 960px) 100vw, 960px\" \/>\t\t\t\t\t\t\n\t\t\t\t\t<\/div>\n\t\t\t\t\t\t\t\t\n<style>\n#image_746854651 {\n  width: 40%;\n}\n<\/style>\n\t<\/div>\n\t\n\n\t<div class=\"img has-hover x md-x lg-x y md-y lg-y\" id=\"image_765165329\">\n\t\t\t\t\t\t\t\t<div class=\"img-inner image-fade-in dark\" >\n\t\t\t<img loading=\"lazy\" decoding=\"async\" width=\"909\" height=\"864\" src=\"https:\/\/suishinkan.com.pt\/swpkan\/wp-content\/uploads\/2024\/10\/SEgami_RollOver.jpg\" class=\"attachment-original size-original\" alt=\"\" srcset=\"https:\/\/suishinkan.com.pt\/swpkan\/wp-content\/uploads\/2024\/10\/SEgami_RollOver.jpg 909w, https:\/\/suishinkan.com.pt\/swpkan\/wp-content\/uploads\/2024\/10\/SEgami_RollOver-300x285.jpg 300w, https:\/\/suishinkan.com.pt\/swpkan\/wp-content\/uploads\/2024\/10\/SEgami_RollOver-768x730.jpg 768w\" sizes=\"auto, (max-width: 909px) 100vw, 909px\" \/>\t\t\t\t\t\t\n\t\t\t\t\t<\/div>\n\t\t\t\t\t\t\t\t\n<style>\n#image_765165329 {\n  width: 100%;\n}\n<\/style>\n\t<\/div>\n\t\n\n\t<div class=\"img has-hover x md-x lg-x y md-y lg-y\" id=\"image_1213940233\">\n\t\t\t\t\t\t\t\t<div class=\"img-inner image-fade-in dark\" >\n\t\t\t<img loading=\"lazy\" decoding=\"async\" width=\"600\" height=\"832\" src=\"https:\/\/suishinkan.com.pt\/swpkan\/wp-content\/uploads\/2024\/10\/Master-Gichin-Funakoshi_RoolOver.jpg\" class=\"attachment-original size-original\" alt=\"\" srcset=\"https:\/\/suishinkan.com.pt\/swpkan\/wp-content\/uploads\/2024\/10\/Master-Gichin-Funakoshi_RoolOver.jpg 600w, https:\/\/suishinkan.com.pt\/swpkan\/wp-content\/uploads\/2024\/10\/Master-Gichin-Funakoshi_RoolOver-216x300.jpg 216w\" sizes=\"auto, (max-width: 600px) 100vw, 600px\" \/>\t\t\t\t\t\t\n\t\t\t\t\t<\/div>\n\t\t\t\t\t\t\t\t\n<style>\n#image_1213940233 {\n  width: 100%;\n}\n<\/style>\n\t<\/div>\n\t\n\n\n     <\/div>\n\n     <div class=\"loading-spin dark large centered\"><\/div>\n\n\t<\/div>\n\n\n\n\t\t<\/div>\n\t\t\t\t\t<\/div>\n\n\t\n\n<\/div>\n\t<div id=\"text-3167535818\" class=\"text\">\n\t\t\n\n<h3><span style=\"color: #000000;\">OBRIGADO PELA TUA VISITA<\/span><\/h3>\n<p>Obrigado por nos visitares, o caminho faz-se caminhando e este pode ser o teu primeiro passo, em uma caminhada pela vida fora.<\/p>\n<p>Domo Arigato Gozaimasu<\/p>\n\t\t\n<style>\n#text-3167535818 {\n  text-align: center;\n  color: rgb(43, 34, 28);\n}\n#text-3167535818 > * {\n  color: rgb(43, 34, 28);\n}\n<\/style>\n\t<\/div>\n\t\n\n\t\t<\/div>\n\n\t\t\n<style>\n#section_775220837 {\n  padding-top: 30px;\n  padding-bottom: 30px;\n}\n#section_775220837 .section-bg img {\n  object-position: 50% 42%;\n}\n<\/style>\n\t<\/section>\n\t\n\n","protected":false},"excerpt":{"rendered":"","protected":false},"author":1,"featured_media":0,"parent":0,"menu_order":0,"comment_status":"closed","ping_status":"closed","template":"","meta":{"pgc_sgb_lightbox_settings":"","h5ap_radio_sources":[],"footnotes":""},"class_list":["post-54","page","type-page","status-publish","hentry"],"_links":{"self":[{"href":"https:\/\/suishinkan.com.pt\/swpkan\/wp-json\/wp\/v2\/pages\/54","targetHints":{"allow":["GET"]}}],"collection":[{"href":"https:\/\/suishinkan.com.pt\/swpkan\/wp-json\/wp\/v2\/pages"}],"about":[{"href":"https:\/\/suishinkan.com.pt\/swpkan\/wp-json\/wp\/v2\/types\/page"}],"author":[{"embeddable":true,"href":"https:\/\/suishinkan.com.pt\/swpkan\/wp-json\/wp\/v2\/users\/1"}],"replies":[{"embeddable":true,"href":"https:\/\/suishinkan.com.pt\/swpkan\/wp-json\/wp\/v2\/comments?post=54"}],"version-history":[{"count":36,"href":"https:\/\/suishinkan.com.pt\/swpkan\/wp-json\/wp\/v2\/pages\/54\/revisions"}],"predecessor-version":[{"id":702,"href":"https:\/\/suishinkan.com.pt\/swpkan\/wp-json\/wp\/v2\/pages\/54\/revisions\/702"}],"wp:attachment":[{"href":"https:\/\/suishinkan.com.pt\/swpkan\/wp-json\/wp\/v2\/media?parent=54"}],"curies":[{"name":"wp","href":"https:\/\/api.w.org\/{rel}","templated":true}]}}